{"id":3638,"date":"2022-07-28T16:17:40","date_gmt":"2022-07-28T14:17:40","guid":{"rendered":"https:\/\/www.sktechnology.de\/history\/"},"modified":"2025-02-06T16:21:58","modified_gmt":"2025-02-06T15:21:58","slug":"history","status":"publish","type":"page","link":"https:\/\/www.sktechnology.de\/en\/history\/","title":{"rendered":"History"},"content":{"rendered":"<p>[vc_section full_width=&#8221;stretch_row_content&#8221; css=&#8221;.vc_custom_1666195103897{margin-right: 0px !important;margin-left: 0px !important;background-image: url(https:\/\/www.sktechnology.de\/wp-content\/uploads\/2022\/10\/SK_Drohnenaufnahme_dunkel.jpg?id=799) !important;background-position: center !important;background-repeat: no-repeat !important;background-size: cover !important;}&#8221; el_class=&#8221;main_header&#8221;][vc_row][vc_column][vc_column_text]<\/p>\n<h1>COMPANY<br \/>\n<strong>HISTORY<\/strong><\/h1>\n<p>[\/vc_column_text]<div class=\"oao-scrollbutton\" id=\"\"><a href=\"#section_unternehmenshistorie\"><img decoding=\"async\" src=\"\/wp-content\/themes\/sktechnology\/assets\/img\/arrow-down.svg\" style=\"width: 70px\"><span>SCROLL<\/span><\/a><\/div>[\/vc_column][\/vc_row][\/vc_section][vc_section full_width=&#8221;stretch_row_content&#8221; el_class=&#8221;history&#8221; el_id=&#8221;section_unternehmenshistorie&#8221;][vc_row][vc_column width=&#8221;1\/2&#8243; css=&#8221;.vc_custom_1659998529379{padding-top: 0px !important;padding-bottom: 0px !important;}&#8221;][vc_single_image image=&#8221;5218&#8243; img_size=&#8221;full&#8221; alignment=&#8221;right&#8221;][\/vc_column][vc_column width=&#8221;1\/2&#8243;][vc_column_text]<\/p>\n<h4>2024 <span class=\"color\">Award from the Bavarian SME Prize<\/span><\/h4>\n<p>[\/vc_column_text][vc_column_text]<span>SK TECHNOLOGY is honored for outstanding entrepreneurial achievements by the Bavarian SME Award <\/span><\/p>\n<p><small><\/small><\/p>\n<p> Image rights: <span>ABR-Pictures \/ Frank Rollitz<\/span>[\/vc_column_text][\/vc_column][\/vc_row][vc_row][vc_column width=&#8221;1\/2&#8243;][vc_column_text]<\/p>\n<h4 style=\"text-align: right;\">2023 <span class=\"color\">CERTIFICATIONS<\/span><\/h4>\n<p>[\/vc_column_text][vc_column_text]<\/p>\n<p style=\"text-align: right;\"><span>Our company canteen is a member of LandGenuss Bayerwald e.V. and uses sustainable, fresh food from producers and processors in the region.<\/span><\/p>\n<p style=\"text-align: right;\">At the end of November, we receive the &#8220;Great Place to Work\u00ae&#8221; certification on the basis of an anonymous employee survey. Our training concept has also been awarded the &#8220;Great Place to Start&#8221; seal.<\/p>\n<p>[\/vc_column_text][\/vc_column][vc_column width=&#8221;1\/2&#8243; css=&#8221;.vc_custom_1659998535550{padding-top: 0px !important;padding-bottom: 0px !important;}&#8221;][vc_single_image image=&#8221;4736&#8243; img_size=&#8221;full&#8221;][\/vc_column][\/vc_row][vc_row][vc_column width=&#8221;1\/2&#8243; css=&#8221;.vc_custom_1659998529379{padding-top: 0px !important;padding-bottom: 0px !important;}&#8221;][vc_single_image image=&#8221;3320&#8243; img_size=&#8221;medium&#8221; alignment=&#8221;right&#8221;][\/vc_column][vc_column width=&#8221;1\/2&#8243;][vc_column_text]<\/p>\n<h4>01 MAY 2022 <span class=\"color\">CHANGE OF NAME<\/span><\/h4>\n<p>[\/vc_column_text][vc_column_text]<span>from Stangl &amp; Co. GmbH Pr\u00e4zisionstechnik to SK TECHNOLOGY GmbH.<\/span>[\/vc_column_text][\/vc_column][\/vc_row][vc_row][vc_column width=&#8221;1\/2&#8243;][vc_column_text]<\/p>\n<h4 style=\"text-align: right;\">2019 <span class=\"color\">SUCCESION<\/span><\/h4>\n<p>[\/vc_column_text][vc_column_text]<\/p>\n<p style=\"text-align: right;\"><span>Benedikt Kulzer inherits the company at the end of November 2019 and is appointed Managing Director at Stangl &amp; Co. GmbH Pr\u00e4zisionstechnik. Together with his father, Stefan Kulzer, he guides the company&#8217;s development.<\/span><\/p>\n<p>[\/vc_column_text][\/vc_column][vc_column width=&#8221;1\/2&#8243; css=&#8221;.vc_custom_1659998535550{padding-top: 0px !important;padding-bottom: 0px !important;}&#8221;][vc_single_image image=&#8221;3380&#8243; img_size=&#8221;full&#8221;][\/vc_column][\/vc_row][vc_row][vc_column width=&#8221;1\/2&#8243; css=&#8221;.vc_custom_1659998547096{padding-top: 0px !important;padding-bottom: 0px !important;}&#8221;][vc_single_image image=&#8221;3385&#8243; img_size=&#8221;full&#8221; add_caption=&#8221;yes&#8221; alignment=&#8221;right&#8221;][\/vc_column][vc_column width=&#8221;1\/2&#8243;][vc_column_text]<\/p>\n<h4>2017 <span class=\"color\">Integration &amp; inauguration<\/span> <\/h4>\n<p>[\/vc_column_text][vc_column_text]<\/p>\n<ul>\n<li>\u2022 The heretofore independent factory in Waldm\u00fcnchen is integrated into Stangl &amp; Co. GmbH Pr\u00e4zisionstechnik as of 01 January, 2017. Stangl &amp; Co. GmbH Pr\u00e4zisionstechnik now has two factories. The Roding factory for the production of prototypes, zero and small series. The serial production of milling and turning parts takes place in the Waldm\u00fcnchen factory.<\/li>\n<li>\u2022 Official inauguration of the new production hall, administration building with social wing and canteen by Stangl &amp; Co. GmbH Pr\u00e4zisionstechnik at the Roding location.<\/li>\n<li>At the end of the year, co-founder Johann Stangl dies of cancer at the age of just 56.<\/li>\n<\/ul>\n<p>Image: Handover of keys by the architect to Stefan Kulzer (centre) and Johann Stangl (right) at the inauguration of the new building[\/vc_column_text][\/vc_column][\/vc_row][vc_row][vc_column width=&#8221;1\/2&#8243;][vc_column_text]<\/p>\n<h4 style=\"text-align: right;\">2016 <span class=\"color\">AWARD<\/span><\/h4>\n<p>[\/vc_column_text][vc_column_text]<\/p>\n<p style=\"text-align: right;\"><span>Stangl &amp; Co. Pr\u00e4zisionstechnik GmbH is awarded the \u201cBayerns Best 50\u201d prize by the Bavarian State Ministry for Economics and Media, Energy and Technology. <\/span><\/p>\n<p>[\/vc_column_text][\/vc_column][vc_column width=&#8221;1\/2&#8243; css=&#8221;.vc_custom_1659998555133{padding-top: 0px !important;padding-bottom: 0px !important;}&#8221;][vc_single_image image=&#8221;3384&#8243; img_size=&#8221;full&#8221;][\/vc_column][\/vc_row][vc_row][vc_column width=&#8221;1\/2&#8243;][vc_column_text]<\/p>\n<h4 style=\"text-align: right;\">2016 <span class=\"color\">INNOVATION<\/span><\/h4>\n<p>[\/vc_column_text][vc_column_text]<\/p>\n<p style=\"text-align: right;\">Europe\u2019s most advanced 3D coordinate measuring machine, a ZEISS XENOS, is commissioned by Stangl &amp; Co. GmbH Pr\u00e4zisionstechnik in the Roding factory.<\/p>\n<p>[\/vc_column_text][\/vc_column][vc_column width=&#8221;1\/2&#8243; css=&#8221;.vc_custom_1659998555133{padding-top: 0px !important;padding-bottom: 0px !important;}&#8221;][vc_single_image image=&#8221;3327&#8243; img_size=&#8221;full&#8221;][\/vc_column][\/vc_row][vc_row][vc_column width=&#8221;1\/2&#8243; css=&#8221;.vc_custom_1659998560712{padding-top: 0px !important;padding-bottom: 0px !important;}&#8221;][\/vc_column][vc_column width=&#8221;1\/2&#8243;][vc_column_text]<\/p>\n<h4>2015 <span class=\"color\">EXPANSION<\/span><\/h4>\n<p>[\/vc_column_text][vc_column_text]<span>Ground-breaking ceremony for the expansion of a new production hall to 10,000 square meters in Roding, with an office building and a social wing containing a canteen.<\/span>[\/vc_column_text][\/vc_column][\/vc_row][vc_row][vc_column width=&#8221;1\/2&#8243;][vc_column_text]<\/p>\n<h4 style=\"text-align: right;\">2014 <span class=\"color\">AWARD<\/span><\/h4>\n<p>[\/vc_column_text][vc_column_text]<\/p>\n<p style=\"text-align: right;\">Stangl &amp; Co. GmbH Pr\u00e4zisionstechnik is the winner of the SME Grand Prix of the Oskar Patzelt Foundation, one of the most coveted German business awards.<\/p>\n<p style=\"text-align: right;\">Award from the IHK (Chamber of Industry and Commerce) for special accomplishments in vocational training.<\/p>\n<p>[\/vc_column_text][\/vc_column][vc_column width=&#8221;1\/2&#8243; css=&#8221;.vc_custom_1659998566794{padding-top: 0px !important;padding-bottom: 0px !important;}&#8221;][vc_single_image image=&#8221;3381&#8243; img_size=&#8221;full&#8221;][\/vc_column][\/vc_row][vc_row][vc_column width=&#8221;1\/2&#8243;][vc_single_image image=&#8221;3463&#8243; img_size=&#8221;full&#8221;][\/vc_column][vc_column width=&#8221;1\/2&#8243;][vc_column_text]<\/p>\n<h4>2013 <span class=\"color\">AWARD<\/span><\/h4>\n<p>[\/vc_column_text][vc_column_text]<span>Stangl &amp; Co. GmbH Pr\u00e4zisionstechnik are awarded a prize for being a regional model of a family-friendly working environment as a BEST PRACTICE COMPANY in the Upper Palatinate in the SIEGER 2013 competition.<\/span>[\/vc_column_text][\/vc_column][\/vc_row][vc_row][vc_column width=&#8221;1\/2&#8243;][vc_column_text]<\/p>\n<h4 style=\"text-align: right;\">2012 <span class=\"color\">FINALIST<\/span><\/h4>\n<p>[\/vc_column_text][vc_column_text]<\/p>\n<p style=\"text-align: right;\"><span>at the &#8220;SME Grand Prix&#8221;.<\/span><\/p>\n<p>[\/vc_column_text][\/vc_column][vc_column width=&#8221;1\/2&#8243;][\/vc_column][\/vc_row][vc_row][vc_column width=&#8221;1\/2&#8243;][\/vc_column][vc_column width=&#8221;1\/2&#8243;][vc_column_text]<\/p>\n<h4>2011 <span class=\"color\">CERTIFICATION<\/span><\/h4>\n<p>[\/vc_column_text][vc_column_text]<span>Stangl &amp; Co. GmbH Pr\u00e4zisionstechnik in Roding and Waldm\u00fcnchen receive certification in accordance with EN 9100:2003 \u2013 Aerospace.<\/span>[\/vc_column_text][\/vc_column][\/vc_row][vc_row][vc_column width=&#8221;1\/2&#8243;][vc_column_text]<\/p>\n<h4>2008 <span class=\"color\">Founding of Roding Automobile<\/span><\/h4>\n<p>[\/vc_column_text][vc_column_text]Together with young engineers from the Technical University of Munich, Johann Stangl and Stefan Kulzer found Roding Automobile GmbH to develop and build the exclusive carbon lightweight sports car, RODING ROADSTER, in small series.[\/vc_column_text][\/vc_column][vc_column width=&#8221;1\/2&#8243;][vc_single_image image=&#8221;3544&#8243; img_size=&#8221;full&#8221;][\/vc_column][\/vc_row][vc_row][vc_column width=&#8221;1\/2&#8243;][vc_column_text]<\/p>\n<h4>2008 <span class=\"color\">OPENING<\/span><\/h4>\n<p>[\/vc_column_text][vc_column_text]<span>of the factory in Waldm\u00fcnchen.<\/span>[\/vc_column_text][\/vc_column][vc_column width=&#8221;1\/2&#8243;][vc_single_image image=&#8221;3464&#8243; img_size=&#8221;full&#8221;][\/vc_column][\/vc_row][vc_row][vc_column width=&#8221;1\/2&#8243;][\/vc_column][vc_column width=&#8221;1\/2&#8243;][vc_column_text]<\/p>\n<h4 style=\"text-align: right;\">2001 <span class=\"color\">AWARD<\/span><\/h4>\n<p>[\/vc_column_text][vc_column_text]<\/p>\n<p style=\"text-align: right;\"><span>The company is once again presented with an award by the IHK (Chamber of Industry and Commerce) for special accomplishments in vocational training.<\/span><\/p>\n<p>[\/vc_column_text][\/vc_column][\/vc_row][vc_row][vc_column width=&#8221;1\/2&#8243;][vc_column_text]<\/p>\n<h4>2000 <span class=\"color\">CERTIFICATION<\/span><\/h4>\n<p>[\/vc_column_text][vc_column_text]Stangl &amp; Co. GmbH Pr\u00e4zisionstechnik is certified to DIN ISO 9001:2000 for the first time.<\/p>\n<p>&#8220;Best Supplier&#8221; award from our customer Infineon.[\/vc_column_text][\/vc_column][vc_column width=&#8221;1\/2&#8243;][\/vc_column][\/vc_row][vc_row][vc_column width=&#8221;1\/2&#8243;][\/vc_column][vc_column width=&#8221;1\/2&#8243;][vc_column_text]<\/p>\n<h4 style=\"text-align: right;\">1998 <span class=\"color\">AWARD<\/span><\/h4>\n<p>[\/vc_column_text][vc_column_text]<\/p>\n<p style=\"text-align: right;\"><span>from the IHK (Chamber of Industry and Commerce) for special accomplishments in vocational training<\/span><\/p>\n<p>[\/vc_column_text][\/vc_column][\/vc_row][vc_row][vc_column width=&#8221;1\/2&#8243;][vc_column_text]<\/p>\n<h4>1994 + 1997 <span class=\"color\">EXPANSION<\/span><\/h4>\n<p>[\/vc_column_text][vc_column_text]<span>of the production halls in Roding to 4,000 square meters<\/span>[\/vc_column_text][\/vc_column][vc_column width=&#8221;1\/2&#8243;][vc_single_image image=&#8221;3383&#8243; img_size=&#8221;full&#8221; alignment=&#8221;right&#8221;][\/vc_column][\/vc_row][vc_row][vc_column width=&#8221;1\/2&#8243;][vc_single_image image=&#8221;3382&#8243; img_size=&#8221;full&#8221;][\/vc_column][vc_column width=&#8221;1\/2&#8243;][vc_column_text]<\/p>\n<h4 style=\"text-align: right;\">1990 <span class=\"color\">MOVE<\/span><\/h4>\n<p>[\/vc_column_text][vc_column_text]<\/p>\n<p style=\"text-align: right;\"><span>to the new production hall in Roding with 1,300 square meters<\/span><\/p>\n<p>[\/vc_column_text][\/vc_column][\/vc_row][vc_row][vc_column width=&#8221;1\/4&#8243;][\/vc_column][vc_column width=&#8221;1\/2&#8243; el_class=&#8221;founding&#8221;][vc_column_text]<\/p>\n<h4 style=\"text-align: center;\">1988 <span class=\"color\">FOUNDING<\/span><\/h4>\n<p>[\/vc_column_text][vc_column_text]<\/p>\n<p style=\"text-align: center;\"><span>of Stangl &amp; Co. GmbH Pr\u00e4zisionstechnik in Roding by Johann Stangl and Stefan Kulzer<\/span><\/p>\n<p>[\/vc_column_text][\/vc_column][vc_column width=&#8221;1\/4&#8243;][\/vc_column][\/vc_row][\/vc_section]<\/p>\n","protected":false},"excerpt":{"rendered":"<p>[vc_section full_width=&#8221;stretch_row_content&#8221; css=&#8221;.vc_custom_1666195103897{margin-right: 0px !important;margin-left: 0px !important;background-image: url(https:\/\/www.sktechnology.de\/wp-content\/uploads\/2022\/10\/SK_Drohnenaufnahme_dunkel.jpg?id=799) !important;background-position: center !important;background-repeat: no-repeat !important;background-size: cover !important;}&#8221; el_class=&#8221;main_header&#8221;][vc_row][vc_column][vc_column_text] COMPANY HISTORY [\/vc_column_text][\/vc_column][\/vc_row][\/vc_section][vc_section full_width=&#8221;stretch_row_content&#8221; el_class=&#8221;history&#8221; el_id=&#8221;section_unternehmenshistorie&#8221;][vc_row][vc_column width=&#8221;1\/2&#8243; css=&#8221;.vc_custom_1659998529379{padding-top: 0px !important;padding-bottom: 0px !important;}&#8221;][vc_single_image image=&#8221;5218&#8243; img_size=&#8221;full&#8221; alignment=&#8221;right&#8221;][\/vc_column][vc_column width=&#8221;1\/2&#8243;][vc_column_text] 2024 Award from the Bavarian SME Prize [\/vc_column_text][vc_column_text]SK TECHNOLOGY is honored for outstanding entrepreneurial achievements by the Bavarian [&hellip;]<\/p>\n","protected":false},"author":2,"featured_media":0,"parent":0,"menu_order":0,"comment_status":"closed","ping_status":"closed","template":"page-templates\/template-pagebuilder-full-width.php","meta":{"footnotes":""},"class_list":["post-3638","page","type-page","status-publish","hentry"],"yoast_head":"<!-- This site is optimized with the Yoast SEO plugin v27.2 - https:\/\/yoast.com\/product\/yoast-seo-wordpress\/ -->\n<title>History - SK TECHNOLOGY<\/title>\n<meta name=\"description\" content=\"With the founding of Stangl &amp; Co. GmbH Pr\u00e4zisionstechnik in 1988, the foundation stone for the current company SK TECHNOLOGY in Roding was laid.\" \/>\n<meta name=\"robots\" content=\"index, follow, max-snippet:-1, max-image-preview:large, max-video-preview:-1\" \/>\n<link rel=\"canonical\" href=\"https:\/\/www.sktechnology.de\/en\/history\/\" \/>\n<meta property=\"og:locale\" content=\"en_US\" \/>\n<meta property=\"og:type\" content=\"article\" \/>\n<meta property=\"og:title\" content=\"History - SK TECHNOLOGY\" \/>\n<meta property=\"og:description\" content=\"With the founding of Stangl &amp; Co. GmbH Pr\u00e4zisionstechnik in 1988, the foundation stone for the current company SK TECHNOLOGY in Roding was laid.\" \/>\n<meta property=\"og:url\" content=\"https:\/\/www.sktechnology.de\/en\/history\/\" \/>\n<meta property=\"og:site_name\" content=\"SK TECHNOLOGY\" \/>\n<meta property=\"article:modified_time\" content=\"2025-02-06T15:21:58+00:00\" \/>\n<meta name=\"twitter:card\" content=\"summary_large_image\" \/>\n<meta name=\"twitter:label1\" content=\"Est. reading time\" \/>\n\t<meta name=\"twitter:data1\" content=\"7 minutes\" \/>\n<script type=\"application\/ld+json\" class=\"yoast-schema-graph\">{\"@context\":\"https:\/\/schema.org\",\"@graph\":[{\"@type\":\"WebPage\",\"@id\":\"https:\/\/www.sktechnology.de\/en\/history\/\",\"url\":\"https:\/\/www.sktechnology.de\/en\/history\/\",\"name\":\"History - SK TECHNOLOGY\",\"isPartOf\":{\"@id\":\"https:\/\/www.sktechnology.de\/en\/#website\"},\"datePublished\":\"2022-07-28T14:17:40+00:00\",\"dateModified\":\"2025-02-06T15:21:58+00:00\",\"description\":\"With the founding of Stangl & Co. GmbH Pr\u00e4zisionstechnik in 1988, the foundation stone for the current company SK TECHNOLOGY in Roding was laid.\",\"inLanguage\":\"en-US\",\"potentialAction\":[{\"@type\":\"ReadAction\",\"target\":[\"https:\/\/www.sktechnology.de\/en\/history\/\"]}]},{\"@type\":\"WebSite\",\"@id\":\"https:\/\/www.sktechnology.de\/en\/#website\",\"url\":\"https:\/\/www.sktechnology.de\/en\/\",\"name\":\"SK TECHNOLOGY\",\"description\":\"\",\"publisher\":{\"@id\":\"https:\/\/www.sktechnology.de\/en\/#organization\"},\"potentialAction\":[{\"@type\":\"SearchAction\",\"target\":{\"@type\":\"EntryPoint\",\"urlTemplate\":\"https:\/\/www.sktechnology.de\/en\/?s={search_term_string}\"},\"query-input\":{\"@type\":\"PropertyValueSpecification\",\"valueRequired\":true,\"valueName\":\"search_term_string\"}}],\"inLanguage\":\"en-US\"},{\"@type\":\"Organization\",\"@id\":\"https:\/\/www.sktechnology.de\/en\/#organization\",\"name\":\"SK TECHNOLOGY\",\"url\":\"https:\/\/www.sktechnology.de\/en\/\",\"logo\":{\"@type\":\"ImageObject\",\"inLanguage\":\"en-US\",\"@id\":\"https:\/\/www.sktechnology.de\/en\/#\/schema\/logo\/image\/\",\"url\":\"https:\/\/www.sktechnology.de\/wp-content\/uploads\/2022\/07\/SK_TECHNOLOGY_Logo_RGB_white.png\",\"contentUrl\":\"https:\/\/www.sktechnology.de\/wp-content\/uploads\/2022\/07\/SK_TECHNOLOGY_Logo_RGB_white.png\",\"width\":800,\"height\":174,\"caption\":\"SK TECHNOLOGY\"},\"image\":{\"@id\":\"https:\/\/www.sktechnology.de\/en\/#\/schema\/logo\/image\/\"}}]}<\/script>\n<!-- \/ Yoast SEO plugin. -->","yoast_head_json":{"title":"History - SK TECHNOLOGY","description":"With the founding of Stangl & Co. GmbH Pr\u00e4zisionstechnik in 1988, the foundation stone for the current company SK TECHNOLOGY in Roding was laid.","robots":{"index":"index","follow":"follow","max-snippet":"max-snippet:-1","max-image-preview":"max-image-preview:large","max-video-preview":"max-video-preview:-1"},"canonical":"https:\/\/www.sktechnology.de\/en\/history\/","og_locale":"en_US","og_type":"article","og_title":"History - SK TECHNOLOGY","og_description":"With the founding of Stangl & Co. GmbH Pr\u00e4zisionstechnik in 1988, the foundation stone for the current company SK TECHNOLOGY in Roding was laid.","og_url":"https:\/\/www.sktechnology.de\/en\/history\/","og_site_name":"SK TECHNOLOGY","article_modified_time":"2025-02-06T15:21:58+00:00","twitter_card":"summary_large_image","twitter_misc":{"Est. reading time":"7 minutes"},"schema":{"@context":"https:\/\/schema.org","@graph":[{"@type":"WebPage","@id":"https:\/\/www.sktechnology.de\/en\/history\/","url":"https:\/\/www.sktechnology.de\/en\/history\/","name":"History - SK TECHNOLOGY","isPartOf":{"@id":"https:\/\/www.sktechnology.de\/en\/#website"},"datePublished":"2022-07-28T14:17:40+00:00","dateModified":"2025-02-06T15:21:58+00:00","description":"With the founding of Stangl & Co. GmbH Pr\u00e4zisionstechnik in 1988, the foundation stone for the current company SK TECHNOLOGY in Roding was laid.","inLanguage":"en-US","potentialAction":[{"@type":"ReadAction","target":["https:\/\/www.sktechnology.de\/en\/history\/"]}]},{"@type":"WebSite","@id":"https:\/\/www.sktechnology.de\/en\/#website","url":"https:\/\/www.sktechnology.de\/en\/","name":"SK TECHNOLOGY","description":"","publisher":{"@id":"https:\/\/www.sktechnology.de\/en\/#organization"},"potentialAction":[{"@type":"SearchAction","target":{"@type":"EntryPoint","urlTemplate":"https:\/\/www.sktechnology.de\/en\/?s={search_term_string}"},"query-input":{"@type":"PropertyValueSpecification","valueRequired":true,"valueName":"search_term_string"}}],"inLanguage":"en-US"},{"@type":"Organization","@id":"https:\/\/www.sktechnology.de\/en\/#organization","name":"SK TECHNOLOGY","url":"https:\/\/www.sktechnology.de\/en\/","logo":{"@type":"ImageObject","inLanguage":"en-US","@id":"https:\/\/www.sktechnology.de\/en\/#\/schema\/logo\/image\/","url":"https:\/\/www.sktechnology.de\/wp-content\/uploads\/2022\/07\/SK_TECHNOLOGY_Logo_RGB_white.png","contentUrl":"https:\/\/www.sktechnology.de\/wp-content\/uploads\/2022\/07\/SK_TECHNOLOGY_Logo_RGB_white.png","width":800,"height":174,"caption":"SK TECHNOLOGY"},"image":{"@id":"https:\/\/www.sktechnology.de\/en\/#\/schema\/logo\/image\/"}}]}},"_links":{"self":[{"href":"https:\/\/www.sktechnology.de\/en\/wp-json\/wp\/v2\/pages\/3638","targetHints":{"allow":["GET"]}}],"collection":[{"href":"https:\/\/www.sktechnology.de\/en\/wp-json\/wp\/v2\/pages"}],"about":[{"href":"https:\/\/www.sktechnology.de\/en\/wp-json\/wp\/v2\/types\/page"}],"author":[{"embeddable":true,"href":"https:\/\/www.sktechnology.de\/en\/wp-json\/wp\/v2\/users\/2"}],"replies":[{"embeddable":true,"href":"https:\/\/www.sktechnology.de\/en\/wp-json\/wp\/v2\/comments?post=3638"}],"version-history":[{"count":32,"href":"https:\/\/www.sktechnology.de\/en\/wp-json\/wp\/v2\/pages\/3638\/revisions"}],"predecessor-version":[{"id":5449,"href":"https:\/\/www.sktechnology.de\/en\/wp-json\/wp\/v2\/pages\/3638\/revisions\/5449"}],"wp:attachment":[{"href":"https:\/\/www.sktechnology.de\/en\/wp-json\/wp\/v2\/media?parent=3638"}],"curies":[{"name":"wp","href":"https:\/\/api.w.org\/{rel}","templated":true}]}}